{"id":631,"date":"2018-07-10T11:23:11","date_gmt":"2018-07-10T09:23:11","guid":{"rendered":"https:\/\/www.otipresse.it\/qualita-e-assistenza\/"},"modified":"2018-09-18T17:03:00","modified_gmt":"2018-09-18T15:03:00","slug":"qualitaet-und-kundendienst","status":"publish","type":"page","link":"https:\/\/www.otipresse.it\/de\/qualitaet-und-kundendienst\/","title":{"rendered":"QUALIT\u00c4T UND KUNDENDIENST"},"content":{"rendered":"<div class=\"fullwidth-content ui-row text-center\"><div class=\"ui-row ui-row-no-margin\"><div class=\"ui--image-wrap clearfix\" style=\"margin-top: -30px;\"><a href=\"https:\/\/www.otipresse.it\/wp-content\/uploads\/2018\/07\/qualita-assistenza.jpg\" target=\"_blank\" data-rel=\"prettyPhoto\"><img decoding=\"async\"  id=\"ui--image-1\" class=\"ui--image ui--animation\" src=\"https:\/\/www.otipresse.it\/wp-content\/uploads\/2018\/07\/qualita-assistenza.jpg\" alt=\"CMB-protagonista\" title=\"CMB-protagonista\" data-at2x=\"\"\/><\/a><\/div><\/div><\/div><div  class=\"ui--space clearfix\" style=\"height: 0px;\" data-responsive=\"{&quot;css&quot;:{&quot;height&quot;:{&quot;phone&quot;:&quot;100px&quot;,&quot;tablet&quot;:&quot;0px&quot;,&quot;widescreen&quot;:&quot;0px&quot;}}}\"><\/div><div class=\"ui-row row\">\n <div   class=\"ui-column span6\"><div  class=\"ui--tagline-box-wrapper ui--animation clearfix\" style=\"margin-top: -100px;\"><div  id=\"tagline-1\" class=\"ui--tagline-box ui-row clearfix ui--tagline-box-custom-color no-radius\" data-responsive=\"{&quot;css&quot;:{&quot;min-height&quot;:{&quot;phone&quot;:&quot;auto&quot;,&quot;tablet&quot;:&quot;auto&quot;,&quot;widescreen&quot;:&quot;&quot;}}}\"><div  class=\"ui--tagline-background-container ui--tagline-background-overlay no-radius\"><\/div><div  class=\"ui--tagline-background-container ui--tagline-background-image no-radius\"><\/div><div  class=\"ui--tagline-content\" style=\"padding-top: 10px;  padding-bottom: 10px;\"><h1 id=\"custom-title-h1-1\" class=\"ui--animation \" style=\"margin-top: -20px; \">QUALIT\u00c4T UND KUNDENDIENST<\/h1><h3 id=\"custom-title-h3-1\" class=\"ui--animation \" style=\"margin-top: -15px; \">IMMER AN IHRER SEITE<\/h3><\/div><\/div><\/div><\/div> \n\n <div   class=\"ui-column span6\"><\/div> \n\n<\/div> \n<div class=\"auto-format ui--animation\"><p>Dank des telefonischen Kundendienstes stehen unsere Experten t\u00e4glich f\u00fcr Informationen bez\u00fcglich unserer Produkte, zur Signalisierung von Eingriffen oder zur Wiederherstellung des einwandfreien Maschinenbetriebs zur Verf\u00fcgung.<\/p>\n<\/div><div class=\"auto-format ui--animation\"><p>Unser Techniker verf\u00fcgen \u00fcber ein tiefgreifendes Produkt- und Technologiewissen, das f\u00fcr die verschiedenen Eingriffe notwendig ist:<\/p>\n<p>> <strong>Reparaturen <\/strong> an besch\u00e4digten Teilen;<br \/>\n> <strong>Erneuerung <\/strong> nach Zeichnung oder Musterst\u00fcck;<br \/>\n> <strong>Spezifische<\/strong> mechanische \u00dcberholung, um die Presse auf einen f\u00fcr die Produktion optimalen Stand zu bringen.<\/p>\n<\/div><div  id=\"section-lyl80\" class=\"fullwidth-content ui--section clearfix section-lyl80\" style=\"margin-bottom: -12px;\"><div  class=\"ui--section-content\"><div class=\"container\"><div class=\"ui-row row\">\n <div   class=\"ui-column span4\"><div  class=\"ui--icon-box position--left\"><span class=\"ui--icon-box-icon ui--animation\"><a href=\"https:\/\/www.google.it\/maps\/place\/Via+Ruggero+Leoncavallo,+4,+20832+Desio+MB\/data=!4m2!3m1!1s0x4786bea7de0b46eb:0x14672316ab088115?sa=X&amp;ved=0ahUKEwinlu2anpTcAhWC_qQKHdfyCqwQ8gEIJzAA\" target=\"_blank\"><i class=\"ui--icon fontawesome-map-marker icon-inline-block icon-with-background radius-circle\" style=\"font-size: 28px;  width: 32px;  height: 32px;  color: #333333 !important;  border-width: 3px;  border-style: solid;\"><\/i><\/a><\/span><div  class=\"ui--icon-box-content\"><h4 class=\"ui--icon-box-title ui--animation text-left\" data-fx=\"fx--no-effect\"><span ><a href=\"https:\/\/www.google.it\/maps\/place\/Via+Ruggero+Leoncavallo,+4,+20832+Desio+MB\/data=!4m2!3m1!1s0x4786bea7de0b46eb:0x14672316ab088115?sa=X&amp;ved=0ahUKEwinlu2anpTcAhWC_qQKHdfyCqwQ8gEIJzAA\" target=\"_blank\"><strong>KONTAKT<\/strong><\/a><\/span><\/h4><div  class=\"ui--animation ui--icon-box-text text-left\" data-fx=\"fx--no-effect\"><p>Via Leoncavallo, 4 \u2013 20832 Desio (MB) \u2013 Italia<\/p>\n<\/div><\/div><\/div><\/div> \n\n <div   class=\"ui-column span4\"><div  class=\"ui--icon-box position--left\"><span class=\"ui--icon-box-icon ui--animation\"><i class=\"ui--icon fontawesome-phone icon-inline-block icon-with-background radius-circle\" style=\"font-size: 28px;  width: 32px;  height: 32px;  color: #333333 !important;  border-width: 3px;  border-style: solid;\"><\/i><\/span><div  class=\"ui--icon-box-content\"><h4 class=\"ui--icon-box-title ui--animation text-left\" data-fx=\"fx--no-effect\"><span ><a href=\"tel:0039362308958\"><strong>RUFEN SIE UNS AN<\/strong><\/a><\/span><\/h4><div  class=\"ui--animation ui--icon-box-text text-left\" data-fx=\"fx--no-effect\"><p><strong>Telefono:<\/strong> +39 0362 308958<\/p>\n<\/div><\/div><\/div><\/div> \n\n <div   class=\"ui-column span4\"><div  class=\"ui--icon-box position--left\"><span class=\"ui--icon-box-icon ui--animation\"><i class=\"ui--icon fontawesome-envelope icon-inline-block icon-with-background radius-circle\" style=\"font-size: 28px;  width: 32px;  height: 32px;  color: #333333 !important;  border-width: 3px;  border-style: solid;\"><\/i><\/span><div  class=\"ui--icon-box-content\"><h4 class=\"ui--icon-box-title ui--animation text-left\" data-fx=\"fx--no-effect\"><span ><strong>SCHREIBEN SIE UNS<\/strong><\/span><\/h4><div  class=\"ui--animation ui--icon-box-text text-left\" data-fx=\"fx--no-effect\"><p><a href=\"mailto:info@otipresse.it\">info@otipresse.it<\/a><\/p>\n<\/div><\/div><\/div><\/div> \n\n<\/div> \n<\/div><\/div><\/div><!-- \/.fullwidth-container -->","protected":false},"excerpt":{"rendered":"<p>QUALIT\u00c4T UND KUNDENDIENSTIMMER AN IHRER SEITE Dank des telefonischen Kundendienstes stehen unsere Experten t\u00e4glich f\u00fcr Informationen bez\u00fcglich unserer Produkte, zur Signalisierung von Eingriffen oder zur Wiederherstellung des einwandfreien Maschinenbetriebs zur Verf\u00fcgung. Unser Techniker verf\u00fcgen \u00fcber ein tiefgreifendes Produkt- und Technologiewissen, das f\u00fcr die verschiedenen Eingriffe notwendig ist: > Reparaturen an besch\u00e4digten Teilen; > Erneuerung nach [&hellip;]<\/p>\n","protected":false},"author":1,"featured_media":0,"parent":0,"menu_order":0,"comment_status":"closed","ping_status":"closed","template":"","meta":{"footnotes":""},"yoast_head":"<!-- This site is optimized with the Yoast SEO plugin v22.0 - https:\/\/yoast.com\/wordpress\/plugins\/seo\/ -->\n<title>QUALIT\u00c4T UND KUNDENDIENST - Oti Presse<\/title>\n<meta name=\"robots\" content=\"index, follow, max-snippet:-1, max-image-preview:large, max-video-preview:-1\" \/>\n<link rel=\"canonical\" href=\"https:\/\/www.otipresse.it\/de\/qualitaet-und-kundendienst\/\" \/>\n<meta property=\"og:locale\" content=\"de_DE\" \/>\n<meta property=\"og:type\" content=\"article\" \/>\n<meta property=\"og:title\" content=\"QUALIT\u00c4T UND KUNDENDIENST - Oti Presse\" \/>\n<meta property=\"og:description\" content=\"QUALIT\u00c4T UND KUNDENDIENSTIMMER AN IHRER SEITE Dank des telefonischen Kundendienstes stehen unsere Experten t\u00e4glich f\u00fcr Informationen bez\u00fcglich unserer Produkte, zur Signalisierung von Eingriffen oder zur Wiederherstellung des einwandfreien Maschinenbetriebs zur Verf\u00fcgung. Unser Techniker verf\u00fcgen \u00fcber ein tiefgreifendes Produkt- und Technologiewissen, das f\u00fcr die verschiedenen Eingriffe notwendig ist: &gt; Reparaturen an besch\u00e4digten Teilen; &gt; Erneuerung nach [&hellip;]\" \/>\n<meta property=\"og:url\" content=\"https:\/\/www.otipresse.it\/de\/qualitaet-und-kundendienst\/\" \/>\n<meta property=\"og:site_name\" content=\"Oti Presse\" \/>\n<meta property=\"article:modified_time\" content=\"2018-09-18T15:03:00+00:00\" \/>\n<meta name=\"twitter:card\" content=\"summary_large_image\" \/>\n<script type=\"application\/ld+json\" class=\"yoast-schema-graph\">{\"@context\":\"https:\/\/schema.org\",\"@graph\":[{\"@type\":\"WebPage\",\"@id\":\"https:\/\/www.otipresse.it\/de\/qualitaet-und-kundendienst\/\",\"url\":\"https:\/\/www.otipresse.it\/de\/qualitaet-und-kundendienst\/\",\"name\":\"QUALIT\u00c4T UND KUNDENDIENST - Oti Presse\",\"isPartOf\":{\"@id\":\"https:\/\/www.otipresse.it\/#website\"},\"datePublished\":\"2018-07-10T09:23:11+00:00\",\"dateModified\":\"2018-09-18T15:03:00+00:00\",\"breadcrumb\":{\"@id\":\"https:\/\/www.otipresse.it\/de\/qualitaet-und-kundendienst\/#breadcrumb\"},\"inLanguage\":\"de\",\"potentialAction\":[{\"@type\":\"ReadAction\",\"target\":[\"https:\/\/www.otipresse.it\/de\/qualitaet-und-kundendienst\/\"]}]},{\"@type\":\"BreadcrumbList\",\"@id\":\"https:\/\/www.otipresse.it\/de\/qualitaet-und-kundendienst\/#breadcrumb\",\"itemListElement\":[{\"@type\":\"ListItem\",\"position\":1,\"name\":\"Home\",\"item\":\"https:\/\/www.otipresse.it\/de\/\"},{\"@type\":\"ListItem\",\"position\":2,\"name\":\"QUALIT\u00c4T UND KUNDENDIENST\"}]},{\"@type\":\"WebSite\",\"@id\":\"https:\/\/www.otipresse.it\/#website\",\"url\":\"https:\/\/www.otipresse.it\/\",\"name\":\"Oti Presse\",\"description\":\"Mechanische Pressen | Servopressen | Pressen mit Verlangsamung | Transfer-Pressen |\",\"publisher\":{\"@id\":\"https:\/\/www.otipresse.it\/#organization\"},\"potentialAction\":[{\"@type\":\"SearchAction\",\"target\":{\"@type\":\"EntryPoint\",\"urlTemplate\":\"https:\/\/www.otipresse.it\/?s={search_term_string}\"},\"query-input\":\"required name=search_term_string\"}],\"inLanguage\":\"de\"},{\"@type\":\"Organization\",\"@id\":\"https:\/\/www.otipresse.it\/#organization\",\"name\":\"Oti Presse\",\"url\":\"https:\/\/www.otipresse.it\/\",\"logo\":{\"@type\":\"ImageObject\",\"inLanguage\":\"de\",\"@id\":\"https:\/\/www.otipresse.it\/#\/schema\/logo\/image\/\",\"url\":\"https:\/\/www.otipresse.it\/wp-content\/uploads\/2018\/08\/logo_home-blu-1.png\",\"contentUrl\":\"https:\/\/www.otipresse.it\/wp-content\/uploads\/2018\/08\/logo_home-blu-1.png\",\"width\":258,\"height\":89,\"caption\":\"Oti Presse\"},\"image\":{\"@id\":\"https:\/\/www.otipresse.it\/#\/schema\/logo\/image\/\"}}]}<\/script>\n<!-- \/ Yoast SEO plugin. -->","yoast_head_json":{"title":"QUALIT\u00c4T UND KUNDENDIENST - Oti Presse","robots":{"index":"index","follow":"follow","max-snippet":"max-snippet:-1","max-image-preview":"max-image-preview:large","max-video-preview":"max-video-preview:-1"},"canonical":"https:\/\/www.otipresse.it\/de\/qualitaet-und-kundendienst\/","og_locale":"de_DE","og_type":"article","og_title":"QUALIT\u00c4T UND KUNDENDIENST - Oti Presse","og_description":"QUALIT\u00c4T UND KUNDENDIENSTIMMER AN IHRER SEITE Dank des telefonischen Kundendienstes stehen unsere Experten t\u00e4glich f\u00fcr Informationen bez\u00fcglich unserer Produkte, zur Signalisierung von Eingriffen oder zur Wiederherstellung des einwandfreien Maschinenbetriebs zur Verf\u00fcgung. Unser Techniker verf\u00fcgen \u00fcber ein tiefgreifendes Produkt- und Technologiewissen, das f\u00fcr die verschiedenen Eingriffe notwendig ist: > Reparaturen an besch\u00e4digten Teilen; > Erneuerung nach [&hellip;]","og_url":"https:\/\/www.otipresse.it\/de\/qualitaet-und-kundendienst\/","og_site_name":"Oti Presse","article_modified_time":"2018-09-18T15:03:00+00:00","twitter_card":"summary_large_image","schema":{"@context":"https:\/\/schema.org","@graph":[{"@type":"WebPage","@id":"https:\/\/www.otipresse.it\/de\/qualitaet-und-kundendienst\/","url":"https:\/\/www.otipresse.it\/de\/qualitaet-und-kundendienst\/","name":"QUALIT\u00c4T UND KUNDENDIENST - Oti Presse","isPartOf":{"@id":"https:\/\/www.otipresse.it\/#website"},"datePublished":"2018-07-10T09:23:11+00:00","dateModified":"2018-09-18T15:03:00+00:00","breadcrumb":{"@id":"https:\/\/www.otipresse.it\/de\/qualitaet-und-kundendienst\/#breadcrumb"},"inLanguage":"de","potentialAction":[{"@type":"ReadAction","target":["https:\/\/www.otipresse.it\/de\/qualitaet-und-kundendienst\/"]}]},{"@type":"BreadcrumbList","@id":"https:\/\/www.otipresse.it\/de\/qualitaet-und-kundendienst\/#breadcrumb","itemListElement":[{"@type":"ListItem","position":1,"name":"Home","item":"https:\/\/www.otipresse.it\/de\/"},{"@type":"ListItem","position":2,"name":"QUALIT\u00c4T UND KUNDENDIENST"}]},{"@type":"WebSite","@id":"https:\/\/www.otipresse.it\/#website","url":"https:\/\/www.otipresse.it\/","name":"Oti Presse","description":"Mechanische Pressen | Servopressen | Pressen mit Verlangsamung | Transfer-Pressen |","publisher":{"@id":"https:\/\/www.otipresse.it\/#organization"},"potentialAction":[{"@type":"SearchAction","target":{"@type":"EntryPoint","urlTemplate":"https:\/\/www.otipresse.it\/?s={search_term_string}"},"query-input":"required name=search_term_string"}],"inLanguage":"de"},{"@type":"Organization","@id":"https:\/\/www.otipresse.it\/#organization","name":"Oti Presse","url":"https:\/\/www.otipresse.it\/","logo":{"@type":"ImageObject","inLanguage":"de","@id":"https:\/\/www.otipresse.it\/#\/schema\/logo\/image\/","url":"https:\/\/www.otipresse.it\/wp-content\/uploads\/2018\/08\/logo_home-blu-1.png","contentUrl":"https:\/\/www.otipresse.it\/wp-content\/uploads\/2018\/08\/logo_home-blu-1.png","width":258,"height":89,"caption":"Oti Presse"},"image":{"@id":"https:\/\/www.otipresse.it\/#\/schema\/logo\/image\/"}}]}},"_links":{"self":[{"href":"https:\/\/www.otipresse.it\/de\/wp-json\/wp\/v2\/pages\/631"}],"collection":[{"href":"https:\/\/www.otipresse.it\/de\/wp-json\/wp\/v2\/pages"}],"about":[{"href":"https:\/\/www.otipresse.it\/de\/wp-json\/wp\/v2\/types\/page"}],"author":[{"embeddable":true,"href":"https:\/\/www.otipresse.it\/de\/wp-json\/wp\/v2\/users\/1"}],"replies":[{"embeddable":true,"href":"https:\/\/www.otipresse.it\/de\/wp-json\/wp\/v2\/comments?post=631"}],"version-history":[{"count":3,"href":"https:\/\/www.otipresse.it\/de\/wp-json\/wp\/v2\/pages\/631\/revisions"}],"predecessor-version":[{"id":634,"href":"https:\/\/www.otipresse.it\/de\/wp-json\/wp\/v2\/pages\/631\/revisions\/634"}],"wp:attachment":[{"href":"https:\/\/www.otipresse.it\/de\/wp-json\/wp\/v2\/media?parent=631"}],"curies":[{"name":"wp","href":"https:\/\/api.w.org\/{rel}","templated":true}]}}