{"id":615,"date":"2018-07-19T14:09:58","date_gmt":"2018-07-19T12:09:58","guid":{"rendered":"https:\/\/www.otipresse.it\/unica-soluzione\/"},"modified":"2018-09-18T16:44:33","modified_gmt":"2018-09-18T14:44:33","slug":"besonderheiten","status":"publish","type":"page","link":"https:\/\/www.otipresse.it\/de\/besonderheiten\/","title":{"rendered":"BESONDERHEITEN"},"content":{"rendered":"<div class=\"ui-row row\">\n <div   class=\"ui-column span6\"><div class=\"ui--video-wrapper clearfix\"><div class=\"ui--video ui--video-16-9\" style=\"padding-bottom: 56.25%;\"><video controls style=\"width:100%;max-width:800px;\">\r\n  <source src=\"https:\/\/www.otipresse.it\/wp-content\/uploads\/2018\/Video\/OTIPresse-CH-001.mp4\" type=\"video\/mp4\">\r\n<\/video>\r\n<\/div><\/div><div id=\"ui--gallery-1\" class=\"ui--gallery ui--pass\" data-columns=\"1\"><div class=\"unstyled-all clearfix ui--gallery-wrapper columns-1 \"><div class=\"ui-row row\">\n <div   class=\"ui-column span12\"><div class=\"ui--gallery-item ui--animation\"><div class=\"inner\"><a href=\"https:\/\/www.otipresse.it\/wp-content\/uploads\/2018\/09\/CH-001.jpg\" target=\"_blank\" data-rel=\"prettyPhoto[ui--gallery-1]\"><img decoding=\"async\" src=\"https:\/\/www.otipresse.it\/wp-content\/uploads\/2018\/09\/CH-001.jpg\" class=\"\" alt=\"Impianto completo in fase di collaudo e produzione\"\/><div class=\"ui--gallery-overlay\"><div class=\"center\"><span class=\"btn btn-normal btn-icon-left btn-grey ui--animation\" href=\"#\" style=\"\"><i class=\"ui--icon fontawesome-fullscreen\"><\/i><\/span> <\/div><\/div><\/a><\/div><\/div><\/div> \n\n<\/div> \n<\/div><div class=\"clearfix\"><\/div><\/div><\/div> \n\n <div   class=\"ui-column span6\"><div class=\"ui--title ui--animation ui--title-bordered text-left\"><div class=\"ui--title-holder\"><h2 class=\"ui--title-text\">Eine einzige L\u00f6sung<\/h2><div class=\"ui--title-borders ui--title-border-left\"><\/div><div class=\"ui--title-borders ui--title-border-right\"><\/div><\/div><\/div><div class=\"auto-format ui--animation\"><p>Diese Anlage ist aus der Notwendigkeit entstanden, das Produktionsverfahren von Motorhauben aus Edelstahl unterschiedlicher Gr\u00f6\u00dfe mit einer einzigen Presse zu vereinheitlichen, verglichen mit der urspr\u00fcnglichen L\u00f6sung, die von mehreren Maschinen verwaltet wird.<br \/>\nF\u00fcr die Herstellung des Teils sind sehr enge Toleranzen erforderlich, die mit einer dreidimensionalen Sonde kontrolliert werden. Das gesetzte und erreichte Ziel war es, die Produktivit\u00e4t bei gleichzeitiger Senkung der Betriebskosten zu steigern.<br \/>\nDa es sich um ein Transfersystem handelt, war ein weiterer Vorteil die Einsparung des verwendeten Materials. Presse mit Presskissen zum Pressen von Ober- und Unterblech mit Stangen zum Anhalten des Werkst\u00fccks.<\/p>\n<\/div><div  class=\"ui--space clearfix\" data-responsive=\"{&quot;css&quot;:{&quot;height&quot;:{&quot;phone&quot;:null,&quot;tablet&quot;:null,&quot;widescreen&quot;:null}}}\"><\/div><div  class=\"ui--icon-box position--left\" style=\"margin-top: 30px;  margin-bottom: 0px;\"><div  class=\"ui--icon-box-content\"><h4 class=\"ui--icon-box-title ui--animation text-left\" data-fx=\"fx--no-effect\"><span  style=\"color: #6b6b6b;\"><strong>Technische Eigenschaften<\/strong><\/span><\/h4><\/div><\/div><div class=\"auto-format ui--animation\"><p>\n<table id=\"tablepress-11\" class=\"tablepress tablepress-id-11\">\n<tbody class=\"row-hover\">\n<tr class=\"row-1 odd\">\n\t<td class=\"column-1\">Nennschubleistung          <\/td><td class=\"column-2\">5000 kN<\/td>\n<\/tr>\n<tr class=\"row-2 even\">\n\t<td class=\"column-1\">Arbeitsplatten<\/td><td class=\"column-2\">3650 x 1000 mm<\/td>\n<\/tr>\n<tr class=\"row-3 odd\">\n\t<td class=\"column-1\">Hub<\/td><td class=\"column-2\">350 mm<\/td>\n<\/tr>\n<tr class=\"row-4 even\">\n\t<td class=\"column-1\">Anzahl der H\u00fcbe<\/td><td class=\"column-2\">15 \u2013 27 min<\/td>\n<\/tr>\n<\/tbody>\n<\/table>\n<\/p>\n<\/div><\/div> \n\n<\/div> \n<div  id=\"section-lyl80\" class=\"fullwidth-content ui--section clearfix section-lyl80\" style=\"margin-top: -30px;\"><div  class=\"ui--section-content\" style=\"padding-bottom: 30px;\"><div class=\"container\"><div class=\"ui-row row\">\n <div   class=\"ui-column span4\"><div class=\"ui--image-wrap clearfix\" style=\"margin-top: 10px;\"><a href=\"https:\/\/www.otipresse.it\/wp-content\/uploads\/2018\/09\/CH-001-04-1440.jpg\" data-rel=\"prettyPhoto\"><img decoding=\"async\"  id=\"ui--image-1\" class=\"ui--image ui--animation\" src=\"https:\/\/www.otipresse.it\/wp-content\/uploads\/2018\/09\/CH-001-04-1440.jpg\" alt=\"\" title=\"\" data-at2x=\"\"\/><\/a><\/div><\/div> \n\n <div   class=\"ui-column span4\"><div class=\"ui--image-wrap clearfix\" style=\"margin-top: 10px;\"><a href=\"https:\/\/www.otipresse.it\/wp-content\/uploads\/2018\/09\/CH-001-01-1440.jpg\" data-rel=\"prettyPhoto\"><img decoding=\"async\"  id=\"ui--image-2\" class=\"ui--image ui--animation\" src=\"https:\/\/www.otipresse.it\/wp-content\/uploads\/2018\/09\/CH-001-01-1440.jpg\" alt=\"\" title=\"\" data-at2x=\"\"\/><\/a><\/div><\/div> \n\n <div   class=\"ui-column span4\"><div class=\"ui--image-wrap clearfix\" style=\"margin-top: 10px;\"><a href=\"https:\/\/www.otipresse.it\/wp-content\/uploads\/2018\/09\/CH-001-02-1440.jpg\" data-rel=\"prettyPhoto\"><img decoding=\"async\"  id=\"ui--image-3\" class=\"ui--image ui--animation\" src=\"https:\/\/www.otipresse.it\/wp-content\/uploads\/2018\/09\/CH-001-02-1440.jpg\" alt=\"\" title=\"\" data-at2x=\"\"\/><\/a><\/div><\/div> \n\n<\/div> \n<div  class=\"ui--space clearfix\" style=\"height: 10px;\" data-responsive=\"{&quot;css&quot;:{&quot;height&quot;:{&quot;phone&quot;:null,&quot;tablet&quot;:null,&quot;widescreen&quot;:&quot;10px&quot;}}}\"><\/div><\/div><\/div><\/div><!-- \/.fullwidth-container -->","protected":false},"excerpt":{"rendered":"<p>Eine einzige L\u00f6sungDiese Anlage ist aus der Notwendigkeit entstanden, das Produktionsverfahren von Motorhauben aus Edelstahl unterschiedlicher Gr\u00f6\u00dfe mit einer einzigen Presse zu vereinheitlichen, verglichen mit der urspr\u00fcnglichen L\u00f6sung, die von mehreren Maschinen verwaltet wird. F\u00fcr die Herstellung des Teils sind sehr enge Toleranzen erforderlich, die mit einer dreidimensionalen Sonde kontrolliert werden. Das gesetzte und erreichte [&hellip;]<\/p>\n","protected":false},"author":1,"featured_media":0,"parent":0,"menu_order":0,"comment_status":"closed","ping_status":"closed","template":"","meta":{"footnotes":""},"yoast_head":"<!-- This site is optimized with the Yoast SEO plugin v22.0 - https:\/\/yoast.com\/wordpress\/plugins\/seo\/ -->\n<title>BESONDERHEITEN - Oti Presse<\/title>\n<meta name=\"robots\" content=\"index, follow, max-snippet:-1, max-image-preview:large, max-video-preview:-1\" \/>\n<link rel=\"canonical\" href=\"https:\/\/www.otipresse.it\/de\/besonderheiten\/\" \/>\n<meta property=\"og:locale\" content=\"de_DE\" \/>\n<meta property=\"og:type\" content=\"article\" \/>\n<meta property=\"og:title\" content=\"BESONDERHEITEN - Oti Presse\" \/>\n<meta property=\"og:description\" content=\"Eine einzige L\u00f6sungDiese Anlage ist aus der Notwendigkeit entstanden, das Produktionsverfahren von Motorhauben aus Edelstahl unterschiedlicher Gr\u00f6\u00dfe mit einer einzigen Presse zu vereinheitlichen, verglichen mit der urspr\u00fcnglichen L\u00f6sung, die von mehreren Maschinen verwaltet wird. F\u00fcr die Herstellung des Teils sind sehr enge Toleranzen erforderlich, die mit einer dreidimensionalen Sonde kontrolliert werden. Das gesetzte und erreichte [&hellip;]\" \/>\n<meta property=\"og:url\" content=\"https:\/\/www.otipresse.it\/de\/besonderheiten\/\" \/>\n<meta property=\"og:site_name\" content=\"Oti Presse\" \/>\n<meta property=\"article:modified_time\" content=\"2018-09-18T14:44:33+00:00\" \/>\n<meta name=\"twitter:card\" content=\"summary_large_image\" \/>\n<script type=\"application\/ld+json\" class=\"yoast-schema-graph\">{\"@context\":\"https:\/\/schema.org\",\"@graph\":[{\"@type\":\"WebPage\",\"@id\":\"https:\/\/www.otipresse.it\/de\/besonderheiten\/\",\"url\":\"https:\/\/www.otipresse.it\/de\/besonderheiten\/\",\"name\":\"BESONDERHEITEN - Oti Presse\",\"isPartOf\":{\"@id\":\"https:\/\/www.otipresse.it\/#website\"},\"datePublished\":\"2018-07-19T12:09:58+00:00\",\"dateModified\":\"2018-09-18T14:44:33+00:00\",\"breadcrumb\":{\"@id\":\"https:\/\/www.otipresse.it\/de\/besonderheiten\/#breadcrumb\"},\"inLanguage\":\"de\",\"potentialAction\":[{\"@type\":\"ReadAction\",\"target\":[\"https:\/\/www.otipresse.it\/de\/besonderheiten\/\"]}]},{\"@type\":\"BreadcrumbList\",\"@id\":\"https:\/\/www.otipresse.it\/de\/besonderheiten\/#breadcrumb\",\"itemListElement\":[{\"@type\":\"ListItem\",\"position\":1,\"name\":\"Home\",\"item\":\"https:\/\/www.otipresse.it\/de\/\"},{\"@type\":\"ListItem\",\"position\":2,\"name\":\"BESONDERHEITEN\"}]},{\"@type\":\"WebSite\",\"@id\":\"https:\/\/www.otipresse.it\/#website\",\"url\":\"https:\/\/www.otipresse.it\/\",\"name\":\"Oti Presse\",\"description\":\"Mechanische Pressen | Servopressen | Pressen mit Verlangsamung | Transfer-Pressen |\",\"publisher\":{\"@id\":\"https:\/\/www.otipresse.it\/#organization\"},\"potentialAction\":[{\"@type\":\"SearchAction\",\"target\":{\"@type\":\"EntryPoint\",\"urlTemplate\":\"https:\/\/www.otipresse.it\/?s={search_term_string}\"},\"query-input\":\"required name=search_term_string\"}],\"inLanguage\":\"de\"},{\"@type\":\"Organization\",\"@id\":\"https:\/\/www.otipresse.it\/#organization\",\"name\":\"Oti Presse\",\"url\":\"https:\/\/www.otipresse.it\/\",\"logo\":{\"@type\":\"ImageObject\",\"inLanguage\":\"de\",\"@id\":\"https:\/\/www.otipresse.it\/#\/schema\/logo\/image\/\",\"url\":\"https:\/\/www.otipresse.it\/wp-content\/uploads\/2018\/08\/logo_home-blu-1.png\",\"contentUrl\":\"https:\/\/www.otipresse.it\/wp-content\/uploads\/2018\/08\/logo_home-blu-1.png\",\"width\":258,\"height\":89,\"caption\":\"Oti Presse\"},\"image\":{\"@id\":\"https:\/\/www.otipresse.it\/#\/schema\/logo\/image\/\"}}]}<\/script>\n<!-- \/ Yoast SEO plugin. -->","yoast_head_json":{"title":"BESONDERHEITEN - Oti Presse","robots":{"index":"index","follow":"follow","max-snippet":"max-snippet:-1","max-image-preview":"max-image-preview:large","max-video-preview":"max-video-preview:-1"},"canonical":"https:\/\/www.otipresse.it\/de\/besonderheiten\/","og_locale":"de_DE","og_type":"article","og_title":"BESONDERHEITEN - Oti Presse","og_description":"Eine einzige L\u00f6sungDiese Anlage ist aus der Notwendigkeit entstanden, das Produktionsverfahren von Motorhauben aus Edelstahl unterschiedlicher Gr\u00f6\u00dfe mit einer einzigen Presse zu vereinheitlichen, verglichen mit der urspr\u00fcnglichen L\u00f6sung, die von mehreren Maschinen verwaltet wird. F\u00fcr die Herstellung des Teils sind sehr enge Toleranzen erforderlich, die mit einer dreidimensionalen Sonde kontrolliert werden. Das gesetzte und erreichte [&hellip;]","og_url":"https:\/\/www.otipresse.it\/de\/besonderheiten\/","og_site_name":"Oti Presse","article_modified_time":"2018-09-18T14:44:33+00:00","twitter_card":"summary_large_image","schema":{"@context":"https:\/\/schema.org","@graph":[{"@type":"WebPage","@id":"https:\/\/www.otipresse.it\/de\/besonderheiten\/","url":"https:\/\/www.otipresse.it\/de\/besonderheiten\/","name":"BESONDERHEITEN - Oti Presse","isPartOf":{"@id":"https:\/\/www.otipresse.it\/#website"},"datePublished":"2018-07-19T12:09:58+00:00","dateModified":"2018-09-18T14:44:33+00:00","breadcrumb":{"@id":"https:\/\/www.otipresse.it\/de\/besonderheiten\/#breadcrumb"},"inLanguage":"de","potentialAction":[{"@type":"ReadAction","target":["https:\/\/www.otipresse.it\/de\/besonderheiten\/"]}]},{"@type":"BreadcrumbList","@id":"https:\/\/www.otipresse.it\/de\/besonderheiten\/#breadcrumb","itemListElement":[{"@type":"ListItem","position":1,"name":"Home","item":"https:\/\/www.otipresse.it\/de\/"},{"@type":"ListItem","position":2,"name":"BESONDERHEITEN"}]},{"@type":"WebSite","@id":"https:\/\/www.otipresse.it\/#website","url":"https:\/\/www.otipresse.it\/","name":"Oti Presse","description":"Mechanische Pressen | Servopressen | Pressen mit Verlangsamung | Transfer-Pressen |","publisher":{"@id":"https:\/\/www.otipresse.it\/#organization"},"potentialAction":[{"@type":"SearchAction","target":{"@type":"EntryPoint","urlTemplate":"https:\/\/www.otipresse.it\/?s={search_term_string}"},"query-input":"required name=search_term_string"}],"inLanguage":"de"},{"@type":"Organization","@id":"https:\/\/www.otipresse.it\/#organization","name":"Oti Presse","url":"https:\/\/www.otipresse.it\/","logo":{"@type":"ImageObject","inLanguage":"de","@id":"https:\/\/www.otipresse.it\/#\/schema\/logo\/image\/","url":"https:\/\/www.otipresse.it\/wp-content\/uploads\/2018\/08\/logo_home-blu-1.png","contentUrl":"https:\/\/www.otipresse.it\/wp-content\/uploads\/2018\/08\/logo_home-blu-1.png","width":258,"height":89,"caption":"Oti Presse"},"image":{"@id":"https:\/\/www.otipresse.it\/#\/schema\/logo\/image\/"}}]}},"_links":{"self":[{"href":"https:\/\/www.otipresse.it\/de\/wp-json\/wp\/v2\/pages\/615"}],"collection":[{"href":"https:\/\/www.otipresse.it\/de\/wp-json\/wp\/v2\/pages"}],"about":[{"href":"https:\/\/www.otipresse.it\/de\/wp-json\/wp\/v2\/types\/page"}],"author":[{"embeddable":true,"href":"https:\/\/www.otipresse.it\/de\/wp-json\/wp\/v2\/users\/1"}],"replies":[{"embeddable":true,"href":"https:\/\/www.otipresse.it\/de\/wp-json\/wp\/v2\/comments?post=615"}],"version-history":[{"count":2,"href":"https:\/\/www.otipresse.it\/de\/wp-json\/wp\/v2\/pages\/615\/revisions"}],"predecessor-version":[{"id":619,"href":"https:\/\/www.otipresse.it\/de\/wp-json\/wp\/v2\/pages\/615\/revisions\/619"}],"wp:attachment":[{"href":"https:\/\/www.otipresse.it\/de\/wp-json\/wp\/v2\/media?parent=615"}],"curies":[{"name":"wp","href":"https:\/\/api.w.org\/{rel}","templated":true}]}}